{"id":1351,"date":"2024-02-23T22:44:34","date_gmt":"2024-02-23T21:44:34","guid":{"rendered":"https:\/\/lesfrencheese.fr\/accueil\/?post_type=product&#038;p=1351"},"modified":"2024-11-18T22:17:56","modified_gmt":"2024-11-18T21:17:56","slug":"la-selection-pour-fin-de-repas","status":"publish","type":"product","link":"https:\/\/lesfrencheese.fr\/accueil\/produit\/la-selection-pour-fin-de-repas\/","title":{"rendered":"La s\u00e9lection pour fin de repas"},"content":{"rendered":"<p>5 fromages au minimum, affin\u00e9s juste comme il faut, (vache ch\u00e8vre et brebis repr\u00e9sent\u00e9s) en morceaux entiers \u00e0 100g par personne la portion. Votre plateau sera agr\u00e9ment\u00e9 de fruits secs, p\u00e2te de coing ou confiture et graines.<\/p>\n<p>Attention aux jeunes enfants et femmes enceintes, certains fromages sont au lait cru (voir \u00e9tiquetage sur le plateau). Possibilit\u00e9 de demander un plateau 100% lait pasteuris\u00e9 ou thermis\u00e9 (temp\u00e9rature tr\u00e8s l\u00e9g\u00e8rement inf\u00e9rieure \u00e0 la pasteurisation). Merci de nous avertir si des allergiques aux\u00a0 fruits \u00e0 coques seront susceptibles de partager votre commande dans l&rsquo;encadr\u00e9 pr\u00e9vu.<\/p>\n","protected":false},"excerpt":{"rendered":"<p>Parce que la Tradition a du bon !<\/p>\n","protected":false},"featured_media":1968,"comment_status":"open","ping_status":"closed","template":"","meta":{"site-sidebar-layout":"default","site-content-layout":"","ast-site-content-layout":"full-width-container","site-content-style":"unboxed","site-sidebar-style":"unboxed","ast-global-header-display":"","ast-banner-title-visibility":"","ast-main-header-display":"","ast-hfb-above-header-display":"","ast-hfb-below-header-display":"","ast-hfb-mobile-header-display":"disabled","site-post-title":"","ast-breadcrumbs-content":"","ast-featured-img":"","footer-sml-layout":"disabled","theme-transparent-header-meta":"disabled","adv-header-id-meta":"","stick-header-meta":"","header-above-stick-meta":"","header-main-stick-meta":"","header-below-stick-meta":"","astra-migrate-meta-layouts":"set","ast-page-background-enabled":"default","ast-page-background-meta":{"desktop":{"background-color":"var(--ast-global-color-4)","background-image":"","background-repeat":"repeat","background-position":"center center","background-size":"auto","background-attachment":"scroll","background-type":"","background-media":"","overlay-type":"","overlay-color":"","overlay-opacity":"","overlay-gradient":""},"tablet":{"background-color":"","background-image":"","background-repeat":"repeat","background-position":"center center","background-size":"auto","background-attachment":"scroll","background-type":"","background-media":"","overlay-type":"","overlay-color":"","overlay-opacity":"","overlay-gradient":""},"mobile":{"background-color":"","background-image":"","background-repeat":"repeat","background-position":"center center","background-size":"auto","background-attachment":"scroll","background-type":"","background-media":"","overlay-type":"","overlay-color":"","overlay-opacity":"","overlay-gradient":""}},"ast-content-background-meta":{"desktop":{"background-color":"var(--ast-global-color-5)","background-image":"","background-repeat":"repeat","background-position":"center center","background-size":"auto","background-attachment":"scroll","background-type":"","background-media":"","overlay-type":"","overlay-color":"","overlay-opacity":"","overlay-gradient":""},"tablet":{"background-color":"var(--ast-global-color-5)","background-image":"","background-repeat":"repeat","background-position":"center center","background-size":"auto","background-attachment":"scroll","background-type":"","background-media":"","overlay-type":"","overlay-color":"","overlay-opacity":"","overlay-gradient":""},"mobile":{"background-color":"var(--ast-global-color-5)","background-image":"","background-repeat":"repeat","background-position":"center center","background-size":"auto","background-attachment":"scroll","background-type":"","background-media":"","overlay-type":"","overlay-color":"","overlay-opacity":"","overlay-gradient":""}}},"product_brand":[],"product_cat":[36],"product_tag":[],"class_list":{"0":"post-1351","1":"product","2":"type-product","3":"status-publish","4":"has-post-thumbnail","6":"product_cat-selection-fin-de-repas","7":"bookacti-activity","8":"desktop-align-center","9":"tablet-align-left","10":"mobile-align-left","12":"first","13":"instock","14":"shipping-taxable","15":"purchasable","16":"product-type-variable"},"_links":{"self":[{"href":"https:\/\/lesfrencheese.fr\/accueil\/wp-json\/wp\/v2\/product\/1351","targetHints":{"allow":["GET"]}}],"collection":[{"href":"https:\/\/lesfrencheese.fr\/accueil\/wp-json\/wp\/v2\/product"}],"about":[{"href":"https:\/\/lesfrencheese.fr\/accueil\/wp-json\/wp\/v2\/types\/product"}],"replies":[{"embeddable":true,"href":"https:\/\/lesfrencheese.fr\/accueil\/wp-json\/wp\/v2\/comments?post=1351"}],"version-history":[{"count":1,"href":"https:\/\/lesfrencheese.fr\/accueil\/wp-json\/wp\/v2\/product\/1351\/revisions"}],"predecessor-version":[{"id":2337,"href":"https:\/\/lesfrencheese.fr\/accueil\/wp-json\/wp\/v2\/product\/1351\/revisions\/2337"}],"wp:featuredmedia":[{"embeddable":true,"href":"https:\/\/lesfrencheese.fr\/accueil\/wp-json\/wp\/v2\/media\/1968"}],"wp:attachment":[{"href":"https:\/\/lesfrencheese.fr\/accueil\/wp-json\/wp\/v2\/media?parent=1351"}],"wp:term":[{"taxonomy":"product_brand","embeddable":true,"href":"https:\/\/lesfrencheese.fr\/accueil\/wp-json\/wp\/v2\/product_brand?post=1351"},{"taxonomy":"product_cat","embeddable":true,"href":"https:\/\/lesfrencheese.fr\/accueil\/wp-json\/wp\/v2\/product_cat?post=1351"},{"taxonomy":"product_tag","embeddable":true,"href":"https:\/\/lesfrencheese.fr\/accueil\/wp-json\/wp\/v2\/product_tag?post=1351"}],"curies":[{"name":"wp","href":"https:\/\/api.w.org\/{rel}","templated":true}]}}