{"id":1349,"date":"2024-02-23T22:28:34","date_gmt":"2024-02-23T21:28:34","guid":{"rendered":"https:\/\/lesfrencheese.fr\/accueil\/?post_type=product&#038;p=1349"},"modified":"2026-04-12T13:17:02","modified_gmt":"2026-04-12T11:17:02","slug":"le-camembert-farci","status":"publish","type":"product","link":"https:\/\/lesfrencheese.fr\/accueil\/produit\/le-camembert-farci\/","title":{"rendered":"LES CAMEMBERTS FARCIS DE SAISON"},"content":{"rendered":"<p>Evidemment, vous connaissez notre grande sp\u00e9cialit\u00e9 Fran\u00e7aise !<\/p>\n<p>Mais la connaissez vous avec une farce qui une fois dans votre bouche r\u00e9veille les papilles avec la douceur sucr\u00e9e de fruits de saisons, le croquants des amandes ou des cacahu\u00e8tes dans l&rsquo;enveloppe moelleuse du fromage ?<\/p>\n<p>Laissez-moi vous faire d\u00e9couvrir ces nouvelles curiosit\u00e9s :<\/p>\n<p>De janvier \u00e0 d\u00e9cembre = Le French Kiss,\u00a0 Camembert farci aux abricots, pistaches, amandes et noisettes.<\/p>\n<p>De janvier \u00e0 mars = Le French Cancan,\u00a0 Camembert farci \u00e0 la figue, aux noix, marin\u00e9 \u00e0 la liqueur de figues et pan\u00e9 \u00e0 la chapelure.<\/p>\n<p>D&rsquo;avril \u00e0 mai = Le French Riviera,\u00a0 Camembert farci au gorgonzola, poires et pignons de pin.<\/p>\n<p>De juin \u00e0 juillet = Le Frenchouillard,\u00a0 Coulommiers farci miel, noix de p\u00e9can et une pinc\u00e9e de romarin.<\/p>\n<p>De septembre \u00e0 novembre = Le Frenchy,\u00a0 Camembert farci poire, noisettes, pain d\u2019\u00e9pices.<\/p>\n<p>De d\u00e9cembre \u00e0 janvier = Le French Touch,\u00a0 Camembert farci aux dattes, pistaches, cranberries, amandes et orangettes.<\/p>\n<p><span style=\"color: #ff6600;\">ATTENTION : D\u00e9lai de pr\u00e9paration 36H minimum.<\/span><\/p>\n","protected":false},"excerpt":{"rendered":"<p>De janvier \u00e0 d\u00e9cembre = Le French Kiss,<\/p>\n<p>De janvier \u00e0 mars = Le French Cancan,<\/p>\n<p>D&rsquo;avril \u00e0 mai = Le French Riviera,<\/p>\n<p>De juin \u00e0 juillet = Le Frenchouillard,<\/p>\n<p>De septembre \u00e0 novembre = Le Frenchy,<\/p>\n<p>De d\u00e9cembre \u00e0 janvier = Le French Touch,<\/p>\n","protected":false},"featured_media":1050,"comment_status":"open","ping_status":"closed","template":"","meta":{"site-sidebar-layout":"default","site-content-layout":"","ast-site-content-layout":"full-width-container","site-content-style":"unboxed","site-sidebar-style":"unboxed","ast-global-header-display":"","ast-banner-title-visibility":"","ast-main-header-display":"","ast-hfb-above-header-display":"","ast-hfb-below-header-display":"","ast-hfb-mobile-header-display":"disabled","site-post-title":"","ast-breadcrumbs-content":"","ast-featured-img":"","footer-sml-layout":"disabled","theme-transparent-header-meta":"disabled","adv-header-id-meta":"","stick-header-meta":"","header-above-stick-meta":"","header-main-stick-meta":"","header-below-stick-meta":"","astra-migrate-meta-layouts":"set","ast-page-background-enabled":"default","ast-page-background-meta":{"desktop":{"background-color":"var(--ast-global-color-4)","background-image":"","background-repeat":"repeat","background-position":"center center","background-size":"auto","background-attachment":"scroll","background-type":"","background-media":"","overlay-type":"","overlay-color":"","overlay-opacity":"","overlay-gradient":""},"tablet":{"background-color":"","background-image":"","background-repeat":"repeat","background-position":"center center","background-size":"auto","background-attachment":"scroll","background-type":"","background-media":"","overlay-type":"","overlay-color":"","overlay-opacity":"","overlay-gradient":""},"mobile":{"background-color":"","background-image":"","background-repeat":"repeat","background-position":"center center","background-size":"auto","background-attachment":"scroll","background-type":"","background-media":"","overlay-type":"","overlay-color":"","overlay-opacity":"","overlay-gradient":""}},"ast-content-background-meta":{"desktop":{"background-color":"var(--ast-global-color-5)","background-image":"","background-repeat":"repeat","background-position":"center center","background-size":"auto","background-attachment":"scroll","background-type":"","background-media":"","overlay-type":"","overlay-color":"","overlay-opacity":"","overlay-gradient":""},"tablet":{"background-color":"var(--ast-global-color-5)","background-image":"","background-repeat":"repeat","background-position":"center center","background-size":"auto","background-attachment":"scroll","background-type":"","background-media":"","overlay-type":"","overlay-color":"","overlay-opacity":"","overlay-gradient":""},"mobile":{"background-color":"var(--ast-global-color-5)","background-image":"","background-repeat":"repeat","background-position":"center center","background-size":"auto","background-attachment":"scroll","background-type":"","background-media":"","overlay-type":"","overlay-color":"","overlay-opacity":"","overlay-gradient":""}}},"product_brand":[],"product_cat":[37],"product_tag":[46,48,47],"class_list":{"0":"post-1349","1":"product","2":"type-product","3":"status-publish","4":"has-post-thumbnail","6":"product_cat-camemberts-farcis","7":"product_tag-camembert","8":"product_tag-farce-fromage","9":"product_tag-fromage-francais","10":"bookacti-activity","11":"desktop-align-center","12":"tablet-align-left","13":"mobile-align-left","15":"first","16":"instock","17":"shipping-taxable","18":"purchasable","19":"product-type-variable"},"_links":{"self":[{"href":"https:\/\/lesfrencheese.fr\/accueil\/wp-json\/wp\/v2\/product\/1349","targetHints":{"allow":["GET"]}}],"collection":[{"href":"https:\/\/lesfrencheese.fr\/accueil\/wp-json\/wp\/v2\/product"}],"about":[{"href":"https:\/\/lesfrencheese.fr\/accueil\/wp-json\/wp\/v2\/types\/product"}],"replies":[{"embeddable":true,"href":"https:\/\/lesfrencheese.fr\/accueil\/wp-json\/wp\/v2\/comments?post=1349"}],"version-history":[{"count":5,"href":"https:\/\/lesfrencheese.fr\/accueil\/wp-json\/wp\/v2\/product\/1349\/revisions"}],"predecessor-version":[{"id":2211,"href":"https:\/\/lesfrencheese.fr\/accueil\/wp-json\/wp\/v2\/product\/1349\/revisions\/2211"}],"wp:featuredmedia":[{"embeddable":true,"href":"https:\/\/lesfrencheese.fr\/accueil\/wp-json\/wp\/v2\/media\/1050"}],"wp:attachment":[{"href":"https:\/\/lesfrencheese.fr\/accueil\/wp-json\/wp\/v2\/media?parent=1349"}],"wp:term":[{"taxonomy":"product_brand","embeddable":true,"href":"https:\/\/lesfrencheese.fr\/accueil\/wp-json\/wp\/v2\/product_brand?post=1349"},{"taxonomy":"product_cat","embeddable":true,"href":"https:\/\/lesfrencheese.fr\/accueil\/wp-json\/wp\/v2\/product_cat?post=1349"},{"taxonomy":"product_tag","embeddable":true,"href":"https:\/\/lesfrencheese.fr\/accueil\/wp-json\/wp\/v2\/product_tag?post=1349"}],"curies":[{"name":"wp","href":"https:\/\/api.w.org\/{rel}","templated":true}]}}