{"id":1138,"date":"2024-02-15T23:53:34","date_gmt":"2024-02-15T22:53:34","guid":{"rendered":"https:\/\/lesfrencheese.fr\/accueil\/?post_type=product&#038;p=1138"},"modified":"2025-10-07T21:22:57","modified_gmt":"2025-10-07T19:22:57","slug":"la-planche-milediou","status":"publish","type":"product","link":"https:\/\/lesfrencheese.fr\/accueil\/produit\/la-planche-milediou\/","title":{"rendered":"LA FORMULE MILEDIOU"},"content":{"rendered":"<p>La richesse des go\u00fbts et des gourmandises !<\/p>\n<p>Une planche ap\u00e9ritive ou un plateau dinatoire gourmand compos\u00e9e de 4 saveurs de fromages s\u00e9lectionn\u00e9s, accompagn\u00e9es de 3 charcuteries d&rsquo;origine contr\u00f4l\u00e9e.<\/p>\n<p>Diss\u00e9min\u00e9s dans cette composition retrouvez aussi 3 antipastis (l\u00e9gumes marin\u00e9s) et en plus des condiments comme des fruits secs, des graines ou des olives.<\/p>\n<p>Le tout livr\u00e9 sur le point de vente local de votre choix sur une planche en bois et dans une bo\u00eete saveur fabriqu\u00e9 en Occitanie.<\/p>\n<p>\u00b9 vaches, ch\u00e8vre et brebis \u00b2 La charcuterie contient de la viande de porc. \u00b3 L\u00e9gumes, tapenades, crudit\u00e9s\u2026 Fruits secs, graines, olives\u2026<\/p>\n","protected":false},"excerpt":{"rendered":"<p>4 fromages + 3 charcuteries + 3 antipastis + condiments<\/p>\n<p>en planche ap\u00e9ritives de\u00a0 300Gr \/ 2 pers. ou 600Gr \/ 4 pers. ou 900Gr \/ 6 pers.,<\/p>\n<p>en plateau ap\u00e9ritif de\u00a0 1,2Kg \/ 8 pers. ou 1,5Kg \/ 10 pers.<\/p>\n<p>en plateau dinatoire de\u00a0 1,2Kg 4\/5 pers. ou 1,5Kg 6\/7 pers.<\/p>\n<p><span style=\"color: #ff6600;\">ATTENTION : D\u00e9lai de pr\u00e9paration 36H minimum.<\/span><\/p>\n","protected":false},"featured_media":708,"comment_status":"open","ping_status":"closed","template":"","meta":{"site-sidebar-layout":"default","site-content-layout":"","ast-site-content-layout":"full-width-container","site-content-style":"unboxed","site-sidebar-style":"unboxed","ast-global-header-display":"","ast-banner-title-visibility":"","ast-main-header-display":"","ast-hfb-above-header-display":"","ast-hfb-below-header-display":"","ast-hfb-mobile-header-display":"disabled","site-post-title":"","ast-breadcrumbs-content":"","ast-featured-img":"","footer-sml-layout":"disabled","theme-transparent-header-meta":"disabled","adv-header-id-meta":"","stick-header-meta":"","header-above-stick-meta":"","header-main-stick-meta":"","header-below-stick-meta":"","astra-migrate-meta-layouts":"set","ast-page-background-enabled":"default","ast-page-background-meta":{"desktop":{"background-color":"var(--ast-global-color-4)","background-image":"","background-repeat":"repeat","background-position":"center center","background-size":"auto","background-attachment":"scroll","background-type":"","background-media":"","overlay-type":"","overlay-color":"","overlay-opacity":"","overlay-gradient":""},"tablet":{"background-color":"","background-image":"","background-repeat":"repeat","background-position":"center center","background-size":"auto","background-attachment":"scroll","background-type":"","background-media":"","overlay-type":"","overlay-color":"","overlay-opacity":"","overlay-gradient":""},"mobile":{"background-color":"","background-image":"","background-repeat":"repeat","background-position":"center center","background-size":"auto","background-attachment":"scroll","background-type":"","background-media":"","overlay-type":"","overlay-color":"","overlay-opacity":"","overlay-gradient":""}},"ast-content-background-meta":{"desktop":{"background-color":"var(--ast-global-color-5)","background-image":"","background-repeat":"repeat","background-position":"center center","background-size":"auto","background-attachment":"scroll","background-type":"","background-media":"","overlay-type":"","overlay-color":"","overlay-opacity":"","overlay-gradient":""},"tablet":{"background-color":"var(--ast-global-color-5)","background-image":"","background-repeat":"repeat","background-position":"center center","background-size":"auto","background-attachment":"scroll","background-type":"","background-media":"","overlay-type":"","overlay-color":"","overlay-opacity":"","overlay-gradient":""},"mobile":{"background-color":"var(--ast-global-color-5)","background-image":"","background-repeat":"repeat","background-position":"center center","background-size":"auto","background-attachment":"scroll","background-type":"","background-media":"","overlay-type":"","overlay-color":"","overlay-opacity":"","overlay-gradient":""}}},"product_brand":[],"product_cat":[35],"product_tag":[42],"class_list":{"0":"post-1138","1":"product","2":"type-product","3":"status-publish","4":"has-post-thumbnail","6":"product_cat-formules","7":"product_tag-plateaux-de-fromages","8":"pa_nombre-de-personnes-pour-10-personnes","9":"pa_nombre-de-personnes-pour-2-personnes","10":"pa_nombre-de-personnes-pour-4-personnes","11":"pa_nombre-de-personnes-pour-6-personnes","12":"pa_nombre-de-personnes-pour-8-personnes","13":"pa_nombre-de-personnes-d-pour-8-pers","14":"pa_nombre-de-personnes-d-pour-6-7","15":"bookacti-activity","16":"desktop-align-center","17":"tablet-align-left","18":"mobile-align-left","20":"first","21":"instock","22":"shipping-taxable","23":"purchasable","24":"product-type-variable"},"_links":{"self":[{"href":"https:\/\/lesfrencheese.fr\/accueil\/wp-json\/wp\/v2\/product\/1138","targetHints":{"allow":["GET"]}}],"collection":[{"href":"https:\/\/lesfrencheese.fr\/accueil\/wp-json\/wp\/v2\/product"}],"about":[{"href":"https:\/\/lesfrencheese.fr\/accueil\/wp-json\/wp\/v2\/types\/product"}],"replies":[{"embeddable":true,"href":"https:\/\/lesfrencheese.fr\/accueil\/wp-json\/wp\/v2\/comments?post=1138"}],"version-history":[{"count":8,"href":"https:\/\/lesfrencheese.fr\/accueil\/wp-json\/wp\/v2\/product\/1138\/revisions"}],"predecessor-version":[{"id":2214,"href":"https:\/\/lesfrencheese.fr\/accueil\/wp-json\/wp\/v2\/product\/1138\/revisions\/2214"}],"wp:featuredmedia":[{"embeddable":true,"href":"https:\/\/lesfrencheese.fr\/accueil\/wp-json\/wp\/v2\/media\/708"}],"wp:attachment":[{"href":"https:\/\/lesfrencheese.fr\/accueil\/wp-json\/wp\/v2\/media?parent=1138"}],"wp:term":[{"taxonomy":"product_brand","embeddable":true,"href":"https:\/\/lesfrencheese.fr\/accueil\/wp-json\/wp\/v2\/product_brand?post=1138"},{"taxonomy":"product_cat","embeddable":true,"href":"https:\/\/lesfrencheese.fr\/accueil\/wp-json\/wp\/v2\/product_cat?post=1138"},{"taxonomy":"product_tag","embeddable":true,"href":"https:\/\/lesfrencheese.fr\/accueil\/wp-json\/wp\/v2\/product_tag?post=1138"}],"curies":[{"name":"wp","href":"https:\/\/api.w.org\/{rel}","templated":true}]}}