{"id":476,"date":"2023-12-17T18:19:46","date_gmt":"2023-12-17T17:19:46","guid":{"rendered":"https:\/\/lesfrencheese.fr\/?page_id=476"},"modified":"2024-04-09T22:31:38","modified_gmt":"2024-04-09T20:31:38","slug":"la-selection-du-mois","status":"publish","type":"page","link":"https:\/\/lesfrencheese.fr\/accueil\/la-selection-du-mois\/","title":{"rendered":"ABONNEMENTS ET D\u00c9COUVERTES"},"content":{"rendered":"<style>.wp-block-kadence-advancedheading.kt-adv-heading476_baf79b-43, .wp-block-kadence-advancedheading.kt-adv-heading476_baf79b-43[data-kb-block=\"kb-adv-heading476_baf79b-43\"]{max-width:2000px;margin-right:auto;margin-left:auto;padding-top:var(--global-kb-spacing-sm, 1.5rem);padding-bottom:var(--global-kb-spacing-sm, 1.5rem);text-align:center;font-size:var(--global-kb-font-size-lg, 2rem);font-weight:300;font-style:normal;font-family:'Albert Sans';background-color:#f1eae4;}.wp-block-kadence-advancedheading.kt-adv-heading476_baf79b-43 mark.kt-highlight, .wp-block-kadence-advancedheading.kt-adv-heading476_baf79b-43[data-kb-block=\"kb-adv-heading476_baf79b-43\"] mark.kt-highlight{font-style:normal;color:#f76a0c;-webkit-box-decoration-break:clone;box-decoration-break:clone;padding-top:0px;padding-right:0px;padding-bottom:0px;padding-left:0px;}.wp-block-kadence-advancedheading.kt-adv-heading476_baf79b-43 img.kb-inline-image, .wp-block-kadence-advancedheading.kt-adv-heading476_baf79b-43[data-kb-block=\"kb-adv-heading476_baf79b-43\"] img.kb-inline-image{width:150px;vertical-align:baseline;}<\/style>\n<h2 class=\"kt-adv-heading476_baf79b-43 wp-block-kadence-advancedheading\" data-kb-block=\"kb-adv-heading476_baf79b-43\">Notre s\u00e9lection de c\u0153ur et de go\u00fbt !<\/h2>\n\n\n\n<p class=\"has-text-align-center has-ast-global-color-7-color has-text-color has-link-color wp-elements-7e8ee69bc60347e5598eeef0555440d9\">Avec ou sans abonnement, d\u00e9couvrez notre assortiment de fromages dans des coffrets \u00e0 destination de vos estomacs. Voyage garanti.<br><a href=\"https:\/\/lesfrencheese.fr\/accueil\/contact\/\" data-type=\"page\" data-id=\"465\">Contactez-nous<\/a> pour cr\u00e9er votre premi\u00e8re bo\u00eete et les suivantes.<\/p>\n\n\n\n<figure class=\"wp-block-image alignfull size-full\"><img fetchpriority=\"high\" decoding=\"async\" width=\"1600\" height=\"297\" src=\"https:\/\/lesfrencheese.fr\/wp-content\/uploads\/2024\/03\/selections-01.jpg\" alt=\"\" class=\"wp-image-1473\" srcset=\"https:\/\/lesfrencheese.fr\/wp-content\/uploads\/2024\/03\/selections-01.jpg 1600w, https:\/\/lesfrencheese.fr\/wp-content\/uploads\/2024\/03\/selections-01-300x56.jpg 300w, https:\/\/lesfrencheese.fr\/wp-content\/uploads\/2024\/03\/selections-01-1024x190.jpg 1024w, https:\/\/lesfrencheese.fr\/wp-content\/uploads\/2024\/03\/selections-01-768x143.jpg 768w, https:\/\/lesfrencheese.fr\/wp-content\/uploads\/2024\/03\/selections-01-1536x285.jpg 1536w\" sizes=\"(max-width: 1600px) 100vw, 1600px\" \/><\/figure>\n\n\n\n<p><\/p>\n","protected":false},"excerpt":{"rendered":"<p>Notre s\u00e9lection de c\u0153ur et de go\u00fbt ! Avec ou sans abonnement, d\u00e9couvrez notre assortiment de fromages dans des coffrets \u00e0 destination de vos estomacs. Voyage garanti.Contactez-nous pour cr\u00e9er votre premi\u00e8re bo\u00eete et les suivantes.<\/p>\n","protected":false},"author":2,"featured_media":0,"parent":0,"menu_order":0,"comment_status":"closed","ping_status":"closed","template":"","meta":{"site-sidebar-layout":"default","site-content-layout":"","ast-site-content-layout":"","site-content-style":"default","site-sidebar-style":"default","ast-global-header-display":"","ast-banner-title-visibility":"","ast-main-header-display":"","ast-hfb-above-header-display":"","ast-hfb-below-header-display":"","ast-hfb-mobile-header-display":"","site-post-title":"disabled","ast-breadcrumbs-content":"","ast-featured-img":"","footer-sml-layout":"","theme-transparent-header-meta":"","adv-header-id-meta":"","stick-header-meta":"","header-above-stick-meta":"","header-main-stick-meta":"","header-below-stick-meta":"","astra-migrate-meta-layouts":"default","ast-page-background-enabled":"default","ast-page-background-meta":{"desktop":{"background-color":"var(--ast-global-color-4)","background-image":"","background-repeat":"repeat","background-position":"center center","background-size":"auto","background-attachment":"scroll","background-type":"","background-media":"","overlay-type":"","overlay-color":"","overlay-opacity":"","overlay-gradient":""},"tablet":{"background-color":"","background-image":"","background-repeat":"repeat","background-position":"center center","background-size":"auto","background-attachment":"scroll","background-type":"","background-media":"","overlay-type":"","overlay-color":"","overlay-opacity":"","overlay-gradient":""},"mobile":{"background-color":"","background-image":"","background-repeat":"repeat","background-position":"center center","background-size":"auto","background-attachment":"scroll","background-type":"","background-media":"","overlay-type":"","overlay-color":"","overlay-opacity":"","overlay-gradient":""}},"ast-content-background-meta":{"desktop":{"background-color":"var(--ast-global-color-5)","background-image":"","background-repeat":"repeat","background-position":"center center","background-size":"auto","background-attachment":"scroll","background-type":"","background-media":"","overlay-type":"","overlay-color":"","overlay-opacity":"","overlay-gradient":""},"tablet":{"background-color":"var(--ast-global-color-5)","background-image":"","background-repeat":"repeat","background-position":"center center","background-size":"auto","background-attachment":"scroll","background-type":"","background-media":"","overlay-type":"","overlay-color":"","overlay-opacity":"","overlay-gradient":""},"mobile":{"background-color":"var(--ast-global-color-5)","background-image":"","background-repeat":"repeat","background-position":"center center","background-size":"auto","background-attachment":"scroll","background-type":"","background-media":"","overlay-type":"","overlay-color":"","overlay-opacity":"","overlay-gradient":""}},"footnotes":""},"class_list":["post-476","page","type-page","status-publish","hentry"],"_links":{"self":[{"href":"https:\/\/lesfrencheese.fr\/accueil\/wp-json\/wp\/v2\/pages\/476","targetHints":{"allow":["GET"]}}],"collection":[{"href":"https:\/\/lesfrencheese.fr\/accueil\/wp-json\/wp\/v2\/pages"}],"about":[{"href":"https:\/\/lesfrencheese.fr\/accueil\/wp-json\/wp\/v2\/types\/page"}],"author":[{"embeddable":true,"href":"https:\/\/lesfrencheese.fr\/accueil\/wp-json\/wp\/v2\/users\/2"}],"replies":[{"embeddable":true,"href":"https:\/\/lesfrencheese.fr\/accueil\/wp-json\/wp\/v2\/comments?post=476"}],"version-history":[{"count":34,"href":"https:\/\/lesfrencheese.fr\/accueil\/wp-json\/wp\/v2\/pages\/476\/revisions"}],"predecessor-version":[{"id":2224,"href":"https:\/\/lesfrencheese.fr\/accueil\/wp-json\/wp\/v2\/pages\/476\/revisions\/2224"}],"wp:attachment":[{"href":"https:\/\/lesfrencheese.fr\/accueil\/wp-json\/wp\/v2\/media?parent=476"}],"curies":[{"name":"wp","href":"https:\/\/api.w.org\/{rel}","templated":true}]}}