{"id":465,"date":"2023-12-17T18:08:53","date_gmt":"2023-12-17T17:08:53","guid":{"rendered":"https:\/\/lesfrencheese.fr\/?page_id=465"},"modified":"2024-03-21T21:49:18","modified_gmt":"2024-03-21T20:49:18","slug":"contact","status":"publish","type":"page","link":"https:\/\/lesfrencheese.fr\/accueil\/contact\/","title":{"rendered":"Contact"},"content":{"rendered":"<style>.wp-block-kadence-advancedheading.kt-adv-heading465_7bbdab-7e, .wp-block-kadence-advancedheading.kt-adv-heading465_7bbdab-7e[data-kb-block=\"kb-adv-heading465_7bbdab-7e\"]{padding-top:var(--global-kb-spacing-sm, 1.5rem);padding-bottom:var(--global-kb-spacing-sm, 1.5rem);text-align:center;font-weight:300;font-style:normal;font-family:'Albert Sans';background-color:#f1eae4;}.wp-block-kadence-advancedheading.kt-adv-heading465_7bbdab-7e mark.kt-highlight, .wp-block-kadence-advancedheading.kt-adv-heading465_7bbdab-7e[data-kb-block=\"kb-adv-heading465_7bbdab-7e\"] mark.kt-highlight{font-style:normal;color:#f76a0c;-webkit-box-decoration-break:clone;box-decoration-break:clone;padding-top:0px;padding-right:0px;padding-bottom:0px;padding-left:0px;}.wp-block-kadence-advancedheading.kt-adv-heading465_7bbdab-7e img.kb-inline-image, .wp-block-kadence-advancedheading.kt-adv-heading465_7bbdab-7e[data-kb-block=\"kb-adv-heading465_7bbdab-7e\"] img.kb-inline-image{width:150px;vertical-align:baseline;}<\/style>\n<h2 class=\"kt-adv-heading465_7bbdab-7e wp-block-kadence-advancedheading\" data-kb-block=\"kb-adv-heading465_7bbdab-7e\">Une envie, une question, un commentaire ?<br>C&rsquo;est \u00e0 votre tour !<\/h2>\n\n\n\n<p><\/p>\n\n\n<style>.kadence-form-465_a26b5b-32 .kadence-blocks-form-message, .kadence-form-465_a26b5b-32 .kb-form-error-msg{font-family:Albert Sans;font-style:normal;font-weight:400;}.kb-form input.kadence-blocks-field.verify{opacity:0.0;position:absolute;top:0.0;left:0.0;width:0.0;height:0.0;z-index:-1;}<\/style>\n<div class=\"wp-block-kadence-form kadence-form-465_a26b5b-32 kb-form-wrap\"><form class=\"kb-form\" action=\"\" method=\"post\"><div class=\"kadence-blocks-form-field kb-field-desk-width-100 kb-input-size-standard\"><label for=\"kb_field_465_a26b5b-32_0\">Nom et pr\u00e9nom<span class=\"required\">*<\/span><\/label><input name=\"kb_field_0\" id=\"kb_field_465_a26b5b-32_0\" data-label=\"Nom et pr\u00e9nom\" type=\"text\" placeholder=\"\" value=\"\" data-type=\"text\" class=\"kb-field kb-text-style-field kb-text-field kb-field-0\" data-required=\"yes\" data-required-message=\"champ obligatoire\"\/><\/div><div class=\"kadence-blocks-form-field kb-form-field-1 kb-field-desk-width-100 kb-input-size-standard\"><label for=\"kb_field_465_a26b5b-32_1\">Adresse mail<span class=\"required\">*<\/span><\/label><input name=\"kb_field_1\" id=\"kb_field_465_a26b5b-32_1\" data-label=\"Adresse mail\" type=\"email\" placeholder=\"\" value=\"\" data-type=\"email\" class=\"kb-field kb-text-style-field kb-email-field kb-field-1\" data-required=\"yes\" data-required-message=\"champ obligatoire\" data-validation-message=\"Email non valide\"\/><\/div><div class=\"kadence-blocks-form-field kb-form-field-2 kb-field-desk-width-100 kb-input-size-standard\"><label for=\"kb_field_465_a26b5b-32_2\">Num\u00e9ro de t\u00e9l\u00e9phone<span class=\"required\">*<\/span><\/label><input name=\"kb_field_2\" id=\"kb_field_465_a26b5b-32_2\" data-label=\"Num\u00e9ro de t\u00e9l\u00e9phone\" type=\"text\" placeholder=\"\" value=\"\" data-type=\"text\" class=\"kb-field kb-text-style-field kb-text-field kb-field-2\" data-required=\"yes\" data-required-message=\"champ obligatoire\"\/><\/div><div class=\"kadence-blocks-form-field kb-form-field-3 kb-field-desk-width-100 kb-input-size-standard\"><label for=\"kb_field_465_a26b5b-32_3\">Message<span class=\"required\">*<\/span><\/label><input name=\"kb_field_3\" id=\"kb_field_465_a26b5b-32_3\" data-label=\"Message\" type=\"text\" placeholder=\"\" value=\"\" data-type=\"text\" class=\"kb-field kb-text-style-field kb-text-field kb-field-3\" data-required=\"yes\" data-required-message=\"champ obligatoire\"\/><\/div><div class=\"kadence-blocks-form-field kb-form-field-4 kb-field-desk-width-100 kb-input-size-standard kb-accept-form-field\"><input type=\"checkbox\" name=\"kb_field_4\" id=\"kb_field_465_a26b5b-32_4\" class=\"kb-field kb-checkbox-style kb-accept\" value=\"accept\" data-type=\"accept\"\/><label for=\"kb_field_465_a26b5b-32_4\">Je veux recevoir nos news ?<\/label><\/div><input type=\"hidden\" name=\"_kb_form_id\" value=\"465_a26b5b-32\"\/><input type=\"hidden\" name=\"_kb_form_post_id\" value=\"465\"\/><input type=\"hidden\" name=\"action\" value=\"kb_process_ajax_submit\"\/><label class=\"kadence-verify-label\">Email<input class=\"kadence-blocks-field verify\" type=\"text\" name=\"_kb_verify_email\" autocomplete=\"new-password\" aria-hidden=\"true\" placeholder=\"Email\" tabindex=\"-1\" data-1p-ignore=\"true\" data-lpignore=\"true\" \/><\/label><div class=\"kadence-blocks-form-field kb-submit-field kb-field-desk-width-100\"><button class=\"kb-forms-submit button kb-button-size-standard kb-button-width-auto\">Envoyer<\/button><\/div><\/form><\/div>\n<noscript><div class=\"kadence-blocks-form-message kadence-blocks-form-warning\">Veuillez activer JavaScript dans votre navigateur pour envoyer le formulaire.<\/div><style>.kadence-form-465_a26b5b-32 .kadence-blocks-form-field.kb-submit-field { display: none; }<\/style><\/noscript>","protected":false},"excerpt":{"rendered":"<p>Une envie, une question, un commentaire ?C&rsquo;est \u00e0 votre tour !<\/p>\n","protected":false},"author":2,"featured_media":0,"parent":0,"menu_order":0,"comment_status":"closed","ping_status":"closed","template":"","meta":{"site-sidebar-layout":"default","site-content-layout":"","ast-site-content-layout":"","site-content-style":"default","site-sidebar-style":"default","ast-global-header-display":"","ast-banner-title-visibility":"","ast-main-header-display":"","ast-hfb-above-header-display":"","ast-hfb-below-header-display":"","ast-hfb-mobile-header-display":"","site-post-title":"disabled","ast-breadcrumbs-content":"","ast-featured-img":"","footer-sml-layout":"","theme-transparent-header-meta":"","adv-header-id-meta":"","stick-header-meta":"","header-above-stick-meta":"","header-main-stick-meta":"","header-below-stick-meta":"","astra-migrate-meta-layouts":"default","ast-page-background-enabled":"default","ast-page-background-meta":{"desktop":{"background-color":"var(--ast-global-color-4)","background-image":"","background-repeat":"repeat","background-position":"center center","background-size":"auto","background-attachment":"scroll","background-type":"","background-media":"","overlay-type":"","overlay-color":"","overlay-opacity":"","overlay-gradient":""},"tablet":{"background-color":"","background-image":"","background-repeat":"repeat","background-position":"center center","background-size":"auto","background-attachment":"scroll","background-type":"","background-media":"","overlay-type":"","overlay-color":"","overlay-opacity":"","overlay-gradient":""},"mobile":{"background-color":"","background-image":"","background-repeat":"repeat","background-position":"center center","background-size":"auto","background-attachment":"scroll","background-type":"","background-media":"","overlay-type":"","overlay-color":"","overlay-opacity":"","overlay-gradient":""}},"ast-content-background-meta":{"desktop":{"background-color":"var(--ast-global-color-5)","background-image":"","background-repeat":"repeat","background-position":"center center","background-size":"auto","background-attachment":"scroll","background-type":"","background-media":"","overlay-type":"","overlay-color":"","overlay-opacity":"","overlay-gradient":""},"tablet":{"background-color":"var(--ast-global-color-5)","background-image":"","background-repeat":"repeat","background-position":"center center","background-size":"auto","background-attachment":"scroll","background-type":"","background-media":"","overlay-type":"","overlay-color":"","overlay-opacity":"","overlay-gradient":""},"mobile":{"background-color":"var(--ast-global-color-5)","background-image":"","background-repeat":"repeat","background-position":"center center","background-size":"auto","background-attachment":"scroll","background-type":"","background-media":"","overlay-type":"","overlay-color":"","overlay-opacity":"","overlay-gradient":""}},"footnotes":""},"class_list":["post-465","page","type-page","status-publish","hentry"],"_links":{"self":[{"href":"https:\/\/lesfrencheese.fr\/accueil\/wp-json\/wp\/v2\/pages\/465","targetHints":{"allow":["GET"]}}],"collection":[{"href":"https:\/\/lesfrencheese.fr\/accueil\/wp-json\/wp\/v2\/pages"}],"about":[{"href":"https:\/\/lesfrencheese.fr\/accueil\/wp-json\/wp\/v2\/types\/page"}],"author":[{"embeddable":true,"href":"https:\/\/lesfrencheese.fr\/accueil\/wp-json\/wp\/v2\/users\/2"}],"replies":[{"embeddable":true,"href":"https:\/\/lesfrencheese.fr\/accueil\/wp-json\/wp\/v2\/comments?post=465"}],"version-history":[{"count":29,"href":"https:\/\/lesfrencheese.fr\/accueil\/wp-json\/wp\/v2\/pages\/465\/revisions"}],"predecessor-version":[{"id":2051,"href":"https:\/\/lesfrencheese.fr\/accueil\/wp-json\/wp\/v2\/pages\/465\/revisions\/2051"}],"wp:attachment":[{"href":"https:\/\/lesfrencheese.fr\/accueil\/wp-json\/wp\/v2\/media?parent=465"}],"curies":[{"name":"wp","href":"https:\/\/api.w.org\/{rel}","templated":true}]}}