{"id":2274,"date":"2024-09-30T22:03:48","date_gmt":"2024-09-30T20:03:48","guid":{"rendered":"https:\/\/lesfrencheese.fr\/accueil\/?page_id=2274"},"modified":"2024-10-12T21:26:16","modified_gmt":"2024-10-12T19:26:16","slug":"les-raclettes","status":"publish","type":"page","link":"https:\/\/lesfrencheese.fr\/accueil\/les-raclettes\/","title":{"rendered":"LES RACLETTES"},"content":{"rendered":"<style>.kb-row-layout-id2274_894d55-d4 > .kt-row-column-wrap{align-content:start;}:where(.kb-row-layout-id2274_894d55-d4 > .kt-row-column-wrap) > .wp-block-kadence-column{justify-content:start;}.kb-row-layout-id2274_894d55-d4 > .kt-row-column-wrap{column-gap:var(--global-kb-gap-md, 2rem);row-gap:var(--global-kb-gap-md, 2rem);max-width:0px;margin-left:auto;margin-right:auto;padding-top:var(--global-kb-spacing-sm, 1.5rem);padding-bottom:var(--global-kb-spacing-xl, 4rem);grid-template-columns:minmax(0, 1fr);}.kb-row-layout-id2274_894d55-d4{background-color:#2e241f;}.kb-row-layout-id2274_894d55-d4 > .kt-row-layout-overlay{opacity:0.30;}@media all and (max-width: 1024px){.kb-row-layout-id2274_894d55-d4 > .kt-row-column-wrap{grid-template-columns:minmax(0, 1fr);}}@media all and (max-width: 767px){.kb-row-layout-id2274_894d55-d4 > .kt-row-column-wrap{grid-template-columns:minmax(0, 1fr);}}<\/style><div class=\"kb-row-layout-wrap kb-row-layout-id2274_894d55-d4 alignfull kt-row-has-bg wp-block-kadence-rowlayout\"><div class=\"kt-row-column-wrap kt-has-1-columns kt-row-layout-equal kt-tab-layout-inherit kt-mobile-layout-row kt-row-valign-top\">\n<style>.kadence-column2274_0cff52-56 > .kt-inside-inner-col,.kadence-column2274_0cff52-56 > .kt-inside-inner-col:before{border-top-left-radius:0px;border-top-right-radius:0px;border-bottom-right-radius:0px;border-bottom-left-radius:0px;}.kadence-column2274_0cff52-56 > .kt-inside-inner-col{column-gap:var(--global-kb-gap-sm, 1rem);}.kadence-column2274_0cff52-56 > .kt-inside-inner-col{flex-direction:column;}.kadence-column2274_0cff52-56 > .kt-inside-inner-col > .aligncenter{width:100%;}.kadence-column2274_0cff52-56 > .kt-inside-inner-col:before{opacity:0.3;}.kadence-column2274_0cff52-56{position:relative;}@media all and (max-width: 1024px){.kadence-column2274_0cff52-56 > .kt-inside-inner-col{flex-direction:column;justify-content:center;}}@media all and (max-width: 767px){.kadence-column2274_0cff52-56 > .kt-inside-inner-col{flex-direction:column;justify-content:center;}}<\/style>\n<div class=\"wp-block-kadence-column kadence-column2274_0cff52-56\"><div class=\"kt-inside-inner-col\"><\/div><\/div>\n\n<\/div><\/div>\n\n<style>.wp-block-kadence-advancedheading.kt-adv-heading2274_76d241-ef, .wp-block-kadence-advancedheading.kt-adv-heading2274_76d241-ef[data-kb-block=\"kb-adv-heading2274_76d241-ef\"]{max-width:2000px;margin-right:auto;margin-left:auto;padding-top:var(--global-kb-spacing-sm, 1.5rem);padding-bottom:var(--global-kb-spacing-sm, 1.5rem);text-align:center;font-size:var(--global-kb-font-size-lg, 2rem);font-weight:300;font-style:normal;font-family:'Albert Sans';background-color:#f1eae4;}.wp-block-kadence-advancedheading.kt-adv-heading2274_76d241-ef mark.kt-highlight, .wp-block-kadence-advancedheading.kt-adv-heading2274_76d241-ef[data-kb-block=\"kb-adv-heading2274_76d241-ef\"] mark.kt-highlight{font-style:normal;color:#f76a0c;-webkit-box-decoration-break:clone;box-decoration-break:clone;padding-top:0px;padding-right:0px;padding-bottom:0px;padding-left:0px;}.wp-block-kadence-advancedheading.kt-adv-heading2274_76d241-ef img.kb-inline-image, .wp-block-kadence-advancedheading.kt-adv-heading2274_76d241-ef[data-kb-block=\"kb-adv-heading2274_76d241-ef\"] img.kb-inline-image{width:150px;vertical-align:baseline;}<\/style>\n<h2 class=\"kt-adv-heading2274_76d241-ef wp-block-kadence-advancedheading\" data-kb-block=\"kb-adv-heading2274_76d241-ef\">Un hiver le ventre au chaud !<\/h2>\n\n\n\n<p class=\"has-text-align-center\" style=\"margin-top:var(--wp--preset--spacing--60);margin-bottom:var(--wp--preset--spacing--60)\">Du fromage jusqu&rsquo;au bout de l&rsquo;ann\u00e9e !<br>La temp\u00e9rature baisse, on remet sa doudoune et son \u00e9charpe mais pas chez Les Frencheese. Nous allons r\u00e9chauffer vos app\u00e9tits avec des d\u00e9lices fromagers.<br>Ils vont vous faire couler de plaisir. Laissez glisser sur nos charcuteries des vari\u00e9t\u00e9s connues comme le morbier, le fromage \u00e0 raclette 100% au lait cru et rajoutez des <br>variantes comme la raclette \u00e0 l&rsquo;ail des ours ou le morbier 60 jours.<br>Nos formules vont vous r\u00e9galez !<\/p>\n\n\n<style>.wp-block-kadence-advancedheading.kt-adv-heading2274_874060-78, .wp-block-kadence-advancedheading.kt-adv-heading2274_874060-78[data-kb-block=\"kb-adv-heading2274_874060-78\"]{max-width:2000px;margin-right:auto;margin-left:auto;padding-top:var(--global-kb-spacing-sm, 1.5rem);padding-bottom:var(--global-kb-spacing-sm, 1.5rem);text-align:center;font-size:var(--global-kb-font-size-md, 1.25rem);font-weight:300;font-style:normal;font-family:'Albert Sans';background-color:#f1eae4;}.wp-block-kadence-advancedheading.kt-adv-heading2274_874060-78 mark.kt-highlight, .wp-block-kadence-advancedheading.kt-adv-heading2274_874060-78[data-kb-block=\"kb-adv-heading2274_874060-78\"] mark.kt-highlight{font-style:normal;color:#f76a0c;-webkit-box-decoration-break:clone;box-decoration-break:clone;padding-top:0px;padding-right:0px;padding-bottom:0px;padding-left:0px;}.wp-block-kadence-advancedheading.kt-adv-heading2274_874060-78 img.kb-inline-image, .wp-block-kadence-advancedheading.kt-adv-heading2274_874060-78[data-kb-block=\"kb-adv-heading2274_874060-78\"] img.kb-inline-image{width:150px;vertical-align:baseline;}<\/style>\n<h4 class=\"kt-adv-heading2274_874060-78 wp-block-kadence-advancedheading\" data-kb-block=\"kb-adv-heading2274_874060-78\"><strong>Commandez <\/strong>ci-dessous celle qui vous fait baver, d\u00e8s 8\u20ac les 250gr, nous vous garantissons de ne plus avoir froid&#8230;\u00e0 l&rsquo;estomac !<\/h4>\n\n\n\n<div class=\"wp-block-columns is-layout-flex wp-container-core-columns-is-layout-667f6c43 wp-block-columns-is-layout-flex\" style=\"margin-top:var(--wp--preset--spacing--50);margin-bottom:var(--wp--preset--spacing--50);padding-bottom:var(--wp--preset--spacing--60)\">\n<div class=\"wp-block-column is-vertically-aligned-top is-layout-constrained wp-block-column-is-layout-constrained\" style=\"flex-basis:32.88%\">\n<p class=\"has-text-align-center has-medium-font-size\" style=\"padding-top:var(--wp--preset--spacing--30);padding-bottom:var(--wp--preset--spacing--30)\"><strong>La nature<\/strong><\/p>\n\n\n\n<figure class=\"wp-block-image aligncenter size-full is-resized has-custom-border is-style-rounded\"><img fetchpriority=\"high\" decoding=\"async\" width=\"1440\" height=\"2560\" src=\"https:\/\/lesfrencheese.fr\/wp-content\/uploads\/2024\/09\/PXL_20240210_200718365.PORTRAIT-scaled.jpg\" alt=\"\" class=\"has-border-color wp-image-2277\" style=\"border-color:#2e241f;border-width:6px;object-fit:cover;width:300px;height:150px\" srcset=\"https:\/\/lesfrencheese.fr\/wp-content\/uploads\/2024\/09\/PXL_20240210_200718365.PORTRAIT-scaled.jpg 1440w, https:\/\/lesfrencheese.fr\/wp-content\/uploads\/2024\/09\/PXL_20240210_200718365.PORTRAIT-169x300.jpg 169w, https:\/\/lesfrencheese.fr\/wp-content\/uploads\/2024\/09\/PXL_20240210_200718365.PORTRAIT-576x1024.jpg 576w, https:\/\/lesfrencheese.fr\/wp-content\/uploads\/2024\/09\/PXL_20240210_200718365.PORTRAIT-768x1365.jpg 768w, https:\/\/lesfrencheese.fr\/wp-content\/uploads\/2024\/09\/PXL_20240210_200718365.PORTRAIT-864x1536.jpg 864w, https:\/\/lesfrencheese.fr\/wp-content\/uploads\/2024\/09\/PXL_20240210_200718365.PORTRAIT-1152x2048.jpg 1152w, https:\/\/lesfrencheese.fr\/wp-content\/uploads\/2024\/09\/PXL_20240210_200718365.PORTRAIT-300x533.jpg 300w\" sizes=\"(max-width: 1440px) 100vw, 1440px\" \/><\/figure>\n\n\n\n<p class=\"has-text-align-center\" style=\"margin-top:var(--wp--preset--spacing--50);margin-bottom:var(--wp--preset--spacing--50);font-size:16px\">L&rsquo;incontournable, qualit\u00e9 comprise. <br>La quantit\u00e9 n&rsquo;est pas oubli\u00e9e avec son \u00e9quivalent en poids d&rsquo;un camembert pour une personne.<\/p>\n\n\n<style>.wp-block-kadence-advancedbtn.kb-btns2274_1305d7-40{gap:var(--global-kb-gap-xs, 0.5rem );justify-content:center;align-items:center;}.kt-btns2274_1305d7-40 .kt-button{font-weight:normal;font-style:normal;}.kt-btns2274_1305d7-40 .kt-btn-wrap-0{margin-right:5px;}.wp-block-kadence-advancedbtn.kt-btns2274_1305d7-40 .kt-btn-wrap-0 .kt-button{color:#555555;border-color:#555555;}.wp-block-kadence-advancedbtn.kt-btns2274_1305d7-40 .kt-btn-wrap-0 .kt-button:hover, .wp-block-kadence-advancedbtn.kt-btns2274_1305d7-40 .kt-btn-wrap-0 .kt-button:focus{color:#ffffff;border-color:#444444;}.wp-block-kadence-advancedbtn.kt-btns2274_1305d7-40 .kt-btn-wrap-0 .kt-button::before{display:none;}.wp-block-kadence-advancedbtn.kt-btns2274_1305d7-40 .kt-btn-wrap-0 .kt-button:hover, .wp-block-kadence-advancedbtn.kt-btns2274_1305d7-40 .kt-btn-wrap-0 .kt-button:focus{background:#444444;}<\/style>\n<div class=\"wp-block-kadence-advancedbtn kb-buttons-wrap kb-btns2274_1305d7-40\"><style>ul.menu .wp-block-kadence-advancedbtn .kb-btn2274_cd978d-b0.kb-button{width:initial;}.wp-block-kadence-advancedbtn .kb-btn2274_cd978d-b0.kb-button{color:var(--ast-global-color-5);background:#2c241f;}.wp-block-kadence-advancedbtn .kb-btn2274_cd978d-b0.kb-button:hover, .wp-block-kadence-advancedbtn .kb-btn2274_cd978d-b0.kb-button:focus{color:#2c241f;background:#f1eae4;}<\/style><a class=\"kb-button kt-button button kb-btn2274_cd978d-b0 kt-btn-size-small kt-btn-width-type-auto kb-btn-global-inherit  kt-btn-has-text-true kt-btn-has-svg-false  wp-block-button__link wp-block-kadence-singlebtn\" href=\"https:\/\/lesfrencheese.fr\/accueil\/produit\/les-raclettes\/\"><span class=\"kt-btn-inner-text\">Commandez<\/span><\/a><\/div>\n<\/div>\n\n\n\n<div class=\"wp-block-column is-vertically-aligned-top is-layout-constrained wp-block-column-is-layout-constrained\" style=\"flex-basis:32.88%\">\n<p class=\"has-text-align-center has-medium-font-size\" style=\"padding-top:var(--wp--preset--spacing--30);padding-bottom:var(--wp--preset--spacing--30)\"><strong>La s\u00e9lection<\/strong><\/p>\n\n\n\n<figure class=\"wp-block-image aligncenter size-full is-resized has-custom-border is-style-rounded wp-duotone-unset-1\"><img decoding=\"async\" width=\"1920\" height=\"2560\" src=\"https:\/\/lesfrencheese.fr\/wp-content\/uploads\/2024\/09\/IMG_20231205_195732-scaled.jpg\" alt=\"\" class=\"has-border-color wp-image-2276\" style=\"border-color:#2e241f;border-width:6px;object-fit:cover;width:300px;height:150px\" srcset=\"https:\/\/lesfrencheese.fr\/wp-content\/uploads\/2024\/09\/IMG_20231205_195732-scaled.jpg 1920w, https:\/\/lesfrencheese.fr\/wp-content\/uploads\/2024\/09\/IMG_20231205_195732-225x300.jpg 225w, https:\/\/lesfrencheese.fr\/wp-content\/uploads\/2024\/09\/IMG_20231205_195732-768x1024.jpg 768w, https:\/\/lesfrencheese.fr\/wp-content\/uploads\/2024\/09\/IMG_20231205_195732-1152x1536.jpg 1152w, https:\/\/lesfrencheese.fr\/wp-content\/uploads\/2024\/09\/IMG_20231205_195732-1536x2048.jpg 1536w, https:\/\/lesfrencheese.fr\/wp-content\/uploads\/2024\/09\/IMG_20231205_195732-300x400.jpg 300w\" sizes=\"(max-width: 1920px) 100vw, 1920px\" \/><\/figure>\n\n\n\n<p class=\"has-text-align-center\" style=\"padding-top:var(--wp--preset--spacing--20);font-size:16px\">Pas une mais 3 vari\u00e9t\u00e9s de fromages.<br>La nature, une morbier 60 jours et une fum\u00e9e.<br>Le caquelon chauffe, prenez vite commande.<\/p>\n\n\n<style>.wp-block-kadence-advancedbtn.kb-btns2274_c7213d-44{gap:var(--global-kb-gap-xs, 0.5rem );justify-content:center;align-items:center;}.kt-btns2274_c7213d-44 .kt-button{font-weight:normal;font-style:normal;}.kt-btns2274_c7213d-44 .kt-btn-wrap-0{margin-right:5px;}.wp-block-kadence-advancedbtn.kt-btns2274_c7213d-44 .kt-btn-wrap-0 .kt-button{color:#555555;border-color:#555555;}.wp-block-kadence-advancedbtn.kt-btns2274_c7213d-44 .kt-btn-wrap-0 .kt-button:hover, .wp-block-kadence-advancedbtn.kt-btns2274_c7213d-44 .kt-btn-wrap-0 .kt-button:focus{color:#ffffff;border-color:#444444;}.wp-block-kadence-advancedbtn.kt-btns2274_c7213d-44 .kt-btn-wrap-0 .kt-button::before{display:none;}.wp-block-kadence-advancedbtn.kt-btns2274_c7213d-44 .kt-btn-wrap-0 .kt-button:hover, .wp-block-kadence-advancedbtn.kt-btns2274_c7213d-44 .kt-btn-wrap-0 .kt-button:focus{background:#444444;}<\/style>\n<div class=\"wp-block-kadence-advancedbtn kb-buttons-wrap kb-btns2274_c7213d-44\"><style>ul.menu .wp-block-kadence-advancedbtn .kb-btn2274_980ff4-fe.kb-button{width:initial;}.wp-block-kadence-advancedbtn .kb-btn2274_980ff4-fe.kb-button{color:var(--ast-global-color-5);background:#2c241f;}.wp-block-kadence-advancedbtn .kb-btn2274_980ff4-fe.kb-button:hover, .wp-block-kadence-advancedbtn .kb-btn2274_980ff4-fe.kb-button:focus{color:#2c241f;background:#f1eae4;}<\/style><a class=\"kb-button kt-button button kb-btn2274_980ff4-fe kt-btn-size-small kt-btn-width-type-auto kb-btn-global-inherit  kt-btn-has-text-true kt-btn-has-svg-false  wp-block-button__link wp-block-kadence-singlebtn\" href=\"https:\/\/lesfrencheese.fr\/accueil\/produit\/les-raclettes\/\"><span class=\"kt-btn-inner-text\">Commandez<\/span><\/a><\/div>\n<\/div>\n\n\n\n<div class=\"wp-block-column is-layout-constrained wp-block-column-is-layout-constrained\" style=\"flex-basis:34.25%\">\n<p class=\"has-text-align-center has-medium-font-size\" style=\"padding-top:var(--wp--preset--spacing--30);padding-bottom:var(--wp--preset--spacing--30)\"><strong>La d\u00e9couverte<\/strong><\/p>\n\n\n\n<figure class=\"wp-block-image aligncenter size-full is-resized has-custom-border is-style-rounded\"><img decoding=\"async\" width=\"2560\" height=\"2128\" src=\"https:\/\/lesfrencheese.fr\/wp-content\/uploads\/2024\/09\/IMG_20240119_153919-scaled.jpg\" alt=\"\" class=\"has-border-color wp-image-2275\" style=\"border-color:#2e241f;border-width:6px;object-fit:cover;width:300px;height:150px\" srcset=\"https:\/\/lesfrencheese.fr\/wp-content\/uploads\/2024\/09\/IMG_20240119_153919-scaled.jpg 2560w, https:\/\/lesfrencheese.fr\/wp-content\/uploads\/2024\/09\/IMG_20240119_153919-300x249.jpg 300w, https:\/\/lesfrencheese.fr\/wp-content\/uploads\/2024\/09\/IMG_20240119_153919-1024x851.jpg 1024w, https:\/\/lesfrencheese.fr\/wp-content\/uploads\/2024\/09\/IMG_20240119_153919-768x638.jpg 768w, https:\/\/lesfrencheese.fr\/wp-content\/uploads\/2024\/09\/IMG_20240119_153919-1536x1277.jpg 1536w, https:\/\/lesfrencheese.fr\/wp-content\/uploads\/2024\/09\/IMG_20240119_153919-2048x1702.jpg 2048w\" sizes=\"(max-width: 2560px) 100vw, 2560px\" \/><\/figure>\n\n\n\n<p class=\"has-text-align-center\" style=\"margin-top:var(--wp--preset--spacing--50);margin-bottom:var(--wp--preset--spacing--50)\">Le top du top ! Votre palais ne connaitra pas l&rsquo;ennui.<br>5 c&rsquo;est le nombre des gourmands, on compte ceux de \u00ab\u00a0la s\u00e9lection\u00a0\u00bb plus une raclette \u00e0 l&rsquo;ail des ours et une au poivre.<\/p>\n\n\n<style>.wp-block-kadence-advancedbtn.kb-btns2274_90db51-22{gap:var(--global-kb-gap-xs, 0.5rem );justify-content:center;align-items:center;}.kt-btns2274_90db51-22 .kt-button{font-weight:normal;font-style:normal;}.kt-btns2274_90db51-22 .kt-btn-wrap-0{margin-right:5px;}.wp-block-kadence-advancedbtn.kt-btns2274_90db51-22 .kt-btn-wrap-0 .kt-button{color:#555555;border-color:#555555;}.wp-block-kadence-advancedbtn.kt-btns2274_90db51-22 .kt-btn-wrap-0 .kt-button:hover, .wp-block-kadence-advancedbtn.kt-btns2274_90db51-22 .kt-btn-wrap-0 .kt-button:focus{color:#ffffff;border-color:#444444;}.wp-block-kadence-advancedbtn.kt-btns2274_90db51-22 .kt-btn-wrap-0 .kt-button::before{display:none;}.wp-block-kadence-advancedbtn.kt-btns2274_90db51-22 .kt-btn-wrap-0 .kt-button:hover, .wp-block-kadence-advancedbtn.kt-btns2274_90db51-22 .kt-btn-wrap-0 .kt-button:focus{background:#444444;}<\/style>\n<div class=\"wp-block-kadence-advancedbtn kb-buttons-wrap kb-btns2274_90db51-22\"><style>ul.menu .wp-block-kadence-advancedbtn .kb-btn2274_7d4372-37.kb-button{width:initial;}.wp-block-kadence-advancedbtn .kb-btn2274_7d4372-37.kb-button{color:var(--ast-global-color-5);background:#2c241f;}.wp-block-kadence-advancedbtn .kb-btn2274_7d4372-37.kb-button:hover, .wp-block-kadence-advancedbtn .kb-btn2274_7d4372-37.kb-button:focus{color:#2c241f;background:#f1eae4;}<\/style><a class=\"kb-button kt-button button kb-btn2274_7d4372-37 kt-btn-size-small kt-btn-width-type-auto kb-btn-global-inherit  kt-btn-has-text-true kt-btn-has-svg-false  wp-block-button__link wp-block-kadence-singlebtn\" href=\"https:\/\/lesfrencheese.fr\/accueil\/produit\/les-raclettes\/\"><span class=\"kt-btn-inner-text\">Commandez<\/span><\/a><\/div>\n\n\n\n<p><\/p>\n<\/div>\n<\/div>\n\n\n<style>.wp-block-kadence-advancedheading.kt-adv-heading2274_38c9eb-0f, .wp-block-kadence-advancedheading.kt-adv-heading2274_38c9eb-0f[data-kb-block=\"kb-adv-heading2274_38c9eb-0f\"]{max-width:2000px;margin-right:auto;margin-left:auto;padding-top:var(--global-kb-spacing-sm, 1.5rem);padding-bottom:var(--global-kb-spacing-sm, 1.5rem);text-align:center;font-size:var(--global-kb-font-size-md, 1.25rem);font-weight:300;font-style:normal;font-family:'Albert Sans';background-color:#f1eae4;}.wp-block-kadence-advancedheading.kt-adv-heading2274_38c9eb-0f mark.kt-highlight, .wp-block-kadence-advancedheading.kt-adv-heading2274_38c9eb-0f[data-kb-block=\"kb-adv-heading2274_38c9eb-0f\"] mark.kt-highlight{font-style:normal;color:#f76a0c;-webkit-box-decoration-break:clone;box-decoration-break:clone;padding-top:0px;padding-right:0px;padding-bottom:0px;padding-left:0px;}.wp-block-kadence-advancedheading.kt-adv-heading2274_38c9eb-0f img.kb-inline-image, .wp-block-kadence-advancedheading.kt-adv-heading2274_38c9eb-0f[data-kb-block=\"kb-adv-heading2274_38c9eb-0f\"] img.kb-inline-image{width:150px;vertical-align:baseline;}<\/style>\n<h4 class=\"kt-adv-heading2274_38c9eb-0f wp-block-kadence-advancedheading\" data-kb-block=\"kb-adv-heading2274_38c9eb-0f\"><strong>ATTENTION <\/strong>la charcuterie n&rsquo;est pas comprise !<br>Venez rajouter les 4 viandes en sus en commandant ci dessous.<br><strong>Jambon, Lomo, saucisson et Chorizo Bellota<\/strong> vous attendent dans vos assiettes.<\/h4>\n\n\n<style>.wp-block-kadence-advancedbtn.kb-btns2274_dfa05b-23{gap:var(--global-kb-gap-xs, 0.5rem );justify-content:center;align-items:center;}.kt-btns2274_dfa05b-23 .kt-button{font-weight:normal;font-style:normal;}.kt-btns2274_dfa05b-23 .kt-btn-wrap-0{margin-right:5px;}.wp-block-kadence-advancedbtn.kt-btns2274_dfa05b-23 .kt-btn-wrap-0 .kt-button{color:#555555;border-color:#555555;}.wp-block-kadence-advancedbtn.kt-btns2274_dfa05b-23 .kt-btn-wrap-0 .kt-button:hover, .wp-block-kadence-advancedbtn.kt-btns2274_dfa05b-23 .kt-btn-wrap-0 .kt-button:focus{color:#ffffff;border-color:#444444;}.wp-block-kadence-advancedbtn.kt-btns2274_dfa05b-23 .kt-btn-wrap-0 .kt-button::before{display:none;}.wp-block-kadence-advancedbtn.kt-btns2274_dfa05b-23 .kt-btn-wrap-0 .kt-button:hover, .wp-block-kadence-advancedbtn.kt-btns2274_dfa05b-23 .kt-btn-wrap-0 .kt-button:focus{background:#444444;}<\/style>\n<div class=\"wp-block-kadence-advancedbtn kb-buttons-wrap kb-btns2274_dfa05b-23\"><style>ul.menu .wp-block-kadence-advancedbtn .kb-btn2274_89efdf-0c.kb-button{width:initial;}.wp-block-kadence-advancedbtn .kb-btn2274_89efdf-0c.kb-button{color:var(--ast-global-color-5);background:#2c241f;margin-bottom:var(--global-kb-spacing-lg, 3rem);}.wp-block-kadence-advancedbtn .kb-btn2274_89efdf-0c.kb-button:hover, .wp-block-kadence-advancedbtn .kb-btn2274_89efdf-0c.kb-button:focus{color:#2c241f;background:#f1eae4;}<\/style><a class=\"kb-button kt-button button kb-btn2274_89efdf-0c kt-btn-size-small kt-btn-width-type-auto kb-btn-global-inherit  kt-btn-has-text-true kt-btn-has-svg-false  wp-block-button__link wp-block-kadence-singlebtn\" href=\"https:\/\/lesfrencheese.fr\/accueil\/produit\/les-raclettes\/\"><span class=\"kt-btn-inner-text\">Commandez<\/span><\/a><\/div>\n\n\n\n<p><\/p>\n","protected":false},"excerpt":{"rendered":"<p>Un hiver le ventre au chaud ! Du fromage jusqu&rsquo;au bout de l&rsquo;ann\u00e9e !La temp\u00e9rature baisse, on remet sa doudoune et son \u00e9charpe mais pas chez Les Frencheese. Nous allons r\u00e9chauffer vos app\u00e9tits avec des d\u00e9lices fromagers.Ils vont vous faire couler de plaisir. Laissez glisser sur nos charcuteries des vari\u00e9t\u00e9s connues comme le morbier, le [&hellip;]<\/p>\n","protected":false},"author":2,"featured_media":0,"parent":0,"menu_order":0,"comment_status":"closed","ping_status":"closed","template":"","meta":{"site-sidebar-layout":"default","site-content-layout":"","ast-site-content-layout":"","site-content-style":"default","site-sidebar-style":"default","ast-global-header-display":"","ast-banner-title-visibility":"","ast-main-header-display":"","ast-hfb-above-header-display":"","ast-hfb-below-header-display":"","ast-hfb-mobile-header-display":"","site-post-title":"disabled","ast-breadcrumbs-content":"","ast-featured-img":"","footer-sml-layout":"","theme-transparent-header-meta":"","adv-header-id-meta":"","stick-header-meta":"","header-above-stick-meta":"","header-main-stick-meta":"","header-below-stick-meta":"","astra-migrate-meta-layouts":"default","ast-page-background-enabled":"default","ast-page-background-meta":{"desktop":{"background-color":"var(--ast-global-color-4)","background-image":"","background-repeat":"repeat","background-position":"center center","background-size":"auto","background-attachment":"scroll","background-type":"","background-media":"","overlay-type":"","overlay-color":"","overlay-opacity":"","overlay-gradient":""},"tablet":{"background-color":"","background-image":"","background-repeat":"repeat","background-position":"center center","background-size":"auto","background-attachment":"scroll","background-type":"","background-media":"","overlay-type":"","overlay-color":"","overlay-opacity":"","overlay-gradient":""},"mobile":{"background-color":"","background-image":"","background-repeat":"repeat","background-position":"center center","background-size":"auto","background-attachment":"scroll","background-type":"","background-media":"","overlay-type":"","overlay-color":"","overlay-opacity":"","overlay-gradient":""}},"ast-content-background-meta":{"desktop":{"background-color":"var(--ast-global-color-5)","background-image":"","background-repeat":"repeat","background-position":"center center","background-size":"auto","background-attachment":"scroll","background-type":"","background-media":"","overlay-type":"","overlay-color":"","overlay-opacity":"","overlay-gradient":""},"tablet":{"background-color":"var(--ast-global-color-5)","background-image":"","background-repeat":"repeat","background-position":"center center","background-size":"auto","background-attachment":"scroll","background-type":"","background-media":"","overlay-type":"","overlay-color":"","overlay-opacity":"","overlay-gradient":""},"mobile":{"background-color":"var(--ast-global-color-5)","background-image":"","background-repeat":"repeat","background-position":"center center","background-size":"auto","background-attachment":"scroll","background-type":"","background-media":"","overlay-type":"","overlay-color":"","overlay-opacity":"","overlay-gradient":""}},"footnotes":""},"class_list":["post-2274","page","type-page","status-publish","hentry"],"_links":{"self":[{"href":"https:\/\/lesfrencheese.fr\/accueil\/wp-json\/wp\/v2\/pages\/2274","targetHints":{"allow":["GET"]}}],"collection":[{"href":"https:\/\/lesfrencheese.fr\/accueil\/wp-json\/wp\/v2\/pages"}],"about":[{"href":"https:\/\/lesfrencheese.fr\/accueil\/wp-json\/wp\/v2\/types\/page"}],"author":[{"embeddable":true,"href":"https:\/\/lesfrencheese.fr\/accueil\/wp-json\/wp\/v2\/users\/2"}],"replies":[{"embeddable":true,"href":"https:\/\/lesfrencheese.fr\/accueil\/wp-json\/wp\/v2\/comments?post=2274"}],"version-history":[{"count":6,"href":"https:\/\/lesfrencheese.fr\/accueil\/wp-json\/wp\/v2\/pages\/2274\/revisions"}],"predecessor-version":[{"id":2331,"href":"https:\/\/lesfrencheese.fr\/accueil\/wp-json\/wp\/v2\/pages\/2274\/revisions\/2331"}],"wp:attachment":[{"href":"https:\/\/lesfrencheese.fr\/accueil\/wp-json\/wp\/v2\/media?parent=2274"}],"curies":[{"name":"wp","href":"https:\/\/api.w.org\/{rel}","templated":true}]}}